 {"id":32819,"date":"2023-02-09T11:24:50","date_gmt":"2023-02-09T10:24:50","guid":{"rendered":"http:\/\/obalnozavetisce2023.razvija.se\/predstavitev\/"},"modified":"2024-04-18T12:37:17","modified_gmt":"2024-04-18T10:37:17","slug":"chi-siamo","status":"publish","type":"page","link":"https:\/\/obalnozavetisce.si\/it\/chi-siamo\/","title":{"rendered":"Chi siamo"},"content":{"rendered":"\r\n<p>Il Rifugio del Litorale per gli animali si trova a Dvori presso Sv.Anton, in una splendida area verde a pochi chilometri da Capodistria e allo stesso tempo nel cuore dell&#8217;entroterra istriano. Gli animali accolti nel rifugio sono sottoposti a controlli e a una costante supervisione veterinaria, che garantisce loro una cura di qualit\u00e0 durante il loro soggiorno temporaneo.<\/p>\r\n<p>Il nostro rifugio \u00e8 una struttura moderna dotata di ampi spazi esterni recintati, edifici climatizzati con box e stanze per gli animali, una stanza di isolamento, spazi separati per gli animali in quarantena, una zona per il lavaggio degli animali, un ambulatorio, un ufficio di accoglienza, un magazzino e servizi igienico-sanitari.<\/p>\r\n<p>Il servizio dell&#8217;attivit\u00e0 pubblica nel campo della protezione animali e la gestione del Rifugio del Litorale sono svolti dall&#8217;Azienda pubblica Marjetica Koper. Il servizio pubblico comprende la ricezione di segnalazioni di animali abbandonati, la loro cura veterinaria, la cattura, il trasporto, il soggiorno e la cura degli animali abbandonati presso il rifugio, nonch\u00e9 l&#8217;impegno a trovare i loro padroni o ad affidarli a padroni nuovi. Inoltre, si mantiene sempre aggiornato il registro dei cani. \u00c8 garantito anche il rispetto delle norme veterinarie e sanitarie nel rifugio, nonch\u00e9 la tenuta delle banche dati, nella misura e con le modalit\u00e0 previste dal Regolamento sulle condizioni dei rifugi per animali abbandonati.<\/p>\r\n<p>Il servizio pubblico copre i territori del Comune citt\u00e0 di Capodistria, del Comune di Ancarano, del Comune di Isola e del Comune di Pirano.<\/p>\r\n<p>&nbsp;<\/p>\r\n<p><strong>Rifugio del Litorale per gli animali abbandonati<\/strong><br \/>Dvori 25, 6276 Pobegi Gestore: Marjetica Koper d.o.o. &#8211; s.r.l.<br \/>Numero di telefono: 05 66 33 766<br \/>Indirizzo di posta elettronica: <a href=\"mailto:zavetisce@marjeticakoper.si\">zavetisce@marjeticakoper.si<\/a><\/p>\r\n<p>Responsabile del rifugio: Elen Peji\u0107, dr. vet. med.<\/p>\r\n<p>&nbsp;<\/p>\r\n<p><strong>ORARIO DI APERTURA* (per le adozioni, su appuntamento)<\/strong><\/p>\r\n<p>Luned\u00ec e mercoled\u00ec, dalle 12.00 alle 16.00. Marted\u00ec, gioved\u00ec, venerd\u00ec e sabato, dalle 10.00 alle 14.00.<br \/><em>La domenica e i giorni festivi non sono previsti orari di apertura.<\/em>.<\/p>\r\n<p>*L&#8217;orario di apertura del rifugio \u00e8 dedicato a tutte le domande sulle adozioni, le visite, le passeggiate, la cattura e la sterilizzazione dei gatti randagi e altre questioni di carattere generale. Per le visite al rifugio, si prega di chiamare il numero 05 66 33 766 per fissare un appuntamento. Al di fuori dell&#8217;orario di apertura del rifugio, il numero di telefono \u00e8 riservato agli interventi di emergenza (cani e gatti smarriti, abbandonati o feriti).<\/p>\r\n<p>&nbsp;<\/p>\r\n<p><strong>NUMERO DI EMERGENZA E DI INTERVENTO: 05 66 33 766<\/strong><\/p>\r\n<p>In seguito all&#8217;approvazione e all&#8217;accettazione del listino prezzi da parte del Consiglio del rifugio per gli animali abbandonati di Sv. Anton in occasione della seconda riunione ordinaria del 7. 9. 2021, Marjetica Koper, d.o.o.- s.r.l., in qualit\u00e0 di fornitore del servizio pubblico nel campo della protezione degli animali abbandonati e di gestore del rifugio per il territorio del Comune di Pirano, del Comune di Isola, del Comune citt\u00e0 di Capodistria e del Comune di Ancarano, rende noto al pubblico il listino prezzi dei servizi forniti dal rifugio, come segue. I prezzi sono validi dall&#8217;8 settembre 2021.<\/p>\r\n<h3>I\u0161\u010dejo novega lastnika<\/h3>\r\n<p><img decoding=\"async\" src=\"http:\/\/obalnozavetisce.si\/wp-content\/uploads\/2024\/01\/Group-575.svg\" alt=\"\" \/><\/p>\r\n<h4>Ma\u010dke<\/h4>\r\n<p><a href=\"http:\/\/obalnozavetisce.si\/iscejo-nov-dom\/macke\/\"> Preglej vse ma\u010dke <\/a> <img decoding=\"async\" src=\"http:\/\/obalnozavetisce.si\/wp-content\/uploads\/2024\/01\/Group-579.svg\" alt=\"\" \/><\/p>\r\n<h4>Psi<\/h4>\r\n<p><a href=\"http:\/\/obalnozavetisce.si\/iscejo-nov-dom\/psi\/\"> Preglej vse pse <\/a><\/p>\r\n","protected":false},"excerpt":{"rendered":"","protected":false},"author":9,"featured_media":32521,"parent":0,"menu_order":0,"comment_status":"closed","ping_status":"closed","template":"page-templates\/fullwidthpage.php","meta":{"_acf_changed":false,"footnotes":""},"class_list":["post-32819","page","type-page","status-publish","has-post-thumbnail","hentry"],"acf":[],"_links":{"self":[{"href":"https:\/\/obalnozavetisce.si\/it\/wp-json\/wp\/v2\/pages\/32819","targetHints":{"allow":["GET"]}}],"collection":[{"href":"https:\/\/obalnozavetisce.si\/it\/wp-json\/wp\/v2\/pages"}],"about":[{"href":"https:\/\/obalnozavetisce.si\/it\/wp-json\/wp\/v2\/types\/page"}],"author":[{"embeddable":true,"href":"https:\/\/obalnozavetisce.si\/it\/wp-json\/wp\/v2\/users\/9"}],"replies":[{"embeddable":true,"href":"https:\/\/obalnozavetisce.si\/it\/wp-json\/wp\/v2\/comments?post=32819"}],"version-history":[{"count":0,"href":"https:\/\/obalnozavetisce.si\/it\/wp-json\/wp\/v2\/pages\/32819\/revisions"}],"wp:featuredmedia":[{"embeddable":true,"href":"https:\/\/obalnozavetisce.si\/it\/wp-json\/wp\/v2\/media\/32521"}],"wp:attachment":[{"href":"https:\/\/obalnozavetisce.si\/it\/wp-json\/wp\/v2\/media?parent=32819"}],"curies":[{"name":"wp","href":"https:\/\/api.w.org\/{rel}","templated":true}]}}