 {"id":32825,"date":"2023-07-14T12:00:59","date_gmt":"2023-07-14T10:00:59","guid":{"rendered":"http:\/\/obalnozavetisce2023.razvija.se\/prostovoljno-delo\/"},"modified":"2024-04-17T15:10:19","modified_gmt":"2024-04-17T13:10:19","slug":"volontariato","status":"publish","type":"page","link":"https:\/\/obalnozavetisce.si\/it\/volontariato\/","title":{"rendered":"Volontariato"},"content":{"rendered":"<p>Ogni singolo animale ospitato nel nostro rifugio riceve le migliori cure che siamo in grado di fornire. Amiamo molto prenderci cura di loro e seguirne lo sviluppo e i progressi. Il desiderio di aiutare gli animali abbandonati ci spinge a continuare ad impegnarci e a svolgere il nostro lavoro con gioia. Chiunque sia disposto ad aiutarci \u00e8 ben accetto e di grande valore per noi. Saremo lieti di accogliere tutti coloro che sono disposti a dedicare parte del loro tempo libero al lavoro per il benessere degli animali. Il volontariato \u00e8 un&#8217;attivit\u00e0 che un individuo svolge di sua spontanea volont\u00e0, senza alcuna aspettativa di retribuzione, a beneficio di altri o per il bene comune.<\/p>\n","protected":false},"excerpt":{"rendered":"","protected":false},"author":4,"featured_media":0,"parent":0,"menu_order":0,"comment_status":"closed","ping_status":"closed","template":"","meta":{"_acf_changed":false,"footnotes":""},"class_list":["post-32825","page","type-page","status-publish","hentry"],"acf":[],"_links":{"self":[{"href":"https:\/\/obalnozavetisce.si\/it\/wp-json\/wp\/v2\/pages\/32825","targetHints":{"allow":["GET"]}}],"collection":[{"href":"https:\/\/obalnozavetisce.si\/it\/wp-json\/wp\/v2\/pages"}],"about":[{"href":"https:\/\/obalnozavetisce.si\/it\/wp-json\/wp\/v2\/types\/page"}],"author":[{"embeddable":true,"href":"https:\/\/obalnozavetisce.si\/it\/wp-json\/wp\/v2\/users\/4"}],"replies":[{"embeddable":true,"href":"https:\/\/obalnozavetisce.si\/it\/wp-json\/wp\/v2\/comments?post=32825"}],"version-history":[{"count":0,"href":"https:\/\/obalnozavetisce.si\/it\/wp-json\/wp\/v2\/pages\/32825\/revisions"}],"wp:attachment":[{"href":"https:\/\/obalnozavetisce.si\/it\/wp-json\/wp\/v2\/media?parent=32825"}],"curies":[{"name":"wp","href":"https:\/\/api.w.org\/{rel}","templated":true}]}}