 {"id":32841,"date":"2023-02-09T12:50:08","date_gmt":"2023-02-09T11:50:08","guid":{"rendered":"http:\/\/obalnozavetisce2023.razvija.se\/cercano-casa\/psi\/"},"modified":"2024-04-17T15:16:39","modified_gmt":"2024-04-17T13:16:39","slug":"cani","status":"publish","type":"page","link":"https:\/\/obalnozavetisce.si\/it\/cercano-casa\/cani\/","title":{"rendered":"Cani"},"content":{"rendered":"\r\n<article id=\"post-32524\"><a href=\"http:\/\/obalnozavetisce.si\/animal\/dog-3\/\" rel=\"article\"> <img decoding=\"async\" src=\"http:\/\/obalnozavetisce.si\/wp-content\/uploads\/2023\/02\/pes2-300x300.jpg\" alt=\"\" \/><\/a>\r\n<h5>Dog 3<\/h5>\r\n<a href=\"http:\/\/obalnozavetisce.si\/animal\/dog-3\/\" rel=\"article\">Preberi ve\u010d <\/a><\/article>\r\n<article id=\"post-32423\"><a href=\"http:\/\/obalnozavetisce.si\/animal\/dog-1\/\" rel=\"article\"> <img decoding=\"async\" src=\"http:\/\/obalnozavetisce.si\/wp-content\/uploads\/2023\/02\/pes1-300x300.jpg\" alt=\"\" \/> V zaveti\u0161\u010du sem \u017ee 119 dni<\/a>\r\n<h5>Dog 1<\/h5>\r\n<a href=\"http:\/\/obalnozavetisce.si\/animal\/dog-1\/\" rel=\"article\">Preberi ve\u010d <\/a><\/article>\r\n","protected":false},"excerpt":{"rendered":"","protected":false},"author":9,"featured_media":0,"parent":32834,"menu_order":0,"comment_status":"closed","ping_status":"closed","template":"","meta":{"_acf_changed":false,"footnotes":""},"class_list":["post-32841","page","type-page","status-publish","hentry"],"acf":[],"_links":{"self":[{"href":"https:\/\/obalnozavetisce.si\/it\/wp-json\/wp\/v2\/pages\/32841","targetHints":{"allow":["GET"]}}],"collection":[{"href":"https:\/\/obalnozavetisce.si\/it\/wp-json\/wp\/v2\/pages"}],"about":[{"href":"https:\/\/obalnozavetisce.si\/it\/wp-json\/wp\/v2\/types\/page"}],"author":[{"embeddable":true,"href":"https:\/\/obalnozavetisce.si\/it\/wp-json\/wp\/v2\/users\/9"}],"replies":[{"embeddable":true,"href":"https:\/\/obalnozavetisce.si\/it\/wp-json\/wp\/v2\/comments?post=32841"}],"version-history":[{"count":0,"href":"https:\/\/obalnozavetisce.si\/it\/wp-json\/wp\/v2\/pages\/32841\/revisions"}],"up":[{"embeddable":true,"href":"https:\/\/obalnozavetisce.si\/it\/wp-json\/wp\/v2\/pages\/32834"}],"wp:attachment":[{"href":"https:\/\/obalnozavetisce.si\/it\/wp-json\/wp\/v2\/media?parent=32841"}],"curies":[{"name":"wp","href":"https:\/\/api.w.org\/{rel}","templated":true}]}}