 {"id":32859,"date":"2023-01-31T13:31:11","date_gmt":"2023-01-31T12:31:11","guid":{"rendered":"http:\/\/obalnozavetisce2023.razvija.se\/si-zelite-novega-druzinskega-clana\/"},"modified":"2024-04-18T12:52:35","modified_gmt":"2024-04-18T10:52:35","slug":"si-zelite-novega-druzinskega-clana","status":"publish","type":"page","link":"https:\/\/obalnozavetisce.si\/it\/","title":{"rendered":"Cercate un nuovo membro della famiglia?"},"content":{"rendered":"\n<h3>\n\t\tStanno cercando un nuovo proprietario\n\t<\/h3>\n                <img decoding=\"async\" src=\"http:\/\/obalnozavetisce.si\/wp-content\/uploads\/2024\/01\/Group-575.svg\" alt=\"\"\/>       \n                <h4>Gatti<\/h4>\n    <a href=\"http:\/\/obalnozavetisce.si\/it\/cercano-casa\/gatti\/\"> Vedi tutti i gatti <\/a>\n                <img decoding=\"async\" src=\"http:\/\/obalnozavetisce.si\/wp-content\/uploads\/2024\/01\/Group-579.svg\" alt=\"\"\/>       \n                <h4>Cani<\/h4>\n    <a href=\"http:\/\/obalnozavetisce.si\/it\/cercano-casa\/cani\/\"> Vedi tutti i cani <\/a>\n                        <img decoding=\"async\" src=\"http:\/\/obalnozavetisce.si\/wp-content\/uploads\/2024\/01\/Group-701.svg\" alt=\"\"\/>\n            <h4>Donazioni <\/h4>\n            <p>Con il sostegno e le donazioni, consentiamo agli animali una vita dignitosa. Accettiamo donazioni in denaro, attrezzature e cibo.<\/p>            <a href=\"http:\/\/obalnozavetisce.si\/it\/donazioni\/\"> Leggi di pi\u00f9 <\/a>\n                        <img decoding=\"async\" src=\"http:\/\/obalnozavetisce.si\/wp-content\/uploads\/2024\/01\/Group-702.svg\" alt=\"\"\/>\n            <h4>Volontariato <\/h4>\n            <p>Cerchiamo volontari pronti ad aiutare e a dedicare una parte del loro tempo a beneficio degli animali.<\/p>            <a href=\"\"page\"\"> Leggi di pi\u00f9 <\/a>\n                        <img decoding=\"async\" src=\"http:\/\/obalnozavetisce.si\/wp-content\/uploads\/2024\/01\/Group-704.svg\" alt=\"\"\/>\n            <h4>Passeggiate con i cani <\/h4>\n            <p>Portare a spasso i cani nel nostro rifugio non \u00e8 solo condurre al guinzaglio, ma \u00e8 anche svago, attivit\u00e0 fisica, socializzazione e contatto umano autentico.<\/p>            <a href=\"\"page\"\"> Leggi di pi\u00f9 <\/a>\n                        <img decoding=\"async\" src=\"http:\/\/obalnozavetisce.si\/wp-content\/uploads\/2024\/01\/Group-703-1.svg\" alt=\"\"\/>\n            <h4>Cattura e trasporto <\/h4>\n            <p>I gatti randagi vengono curati, sterilizzati\/castrati e restituiti all&#8217;ambiente.<\/p>            <a href=\"http:\/\/obalnozavetisce.si\/it\/cattura-e-trasporto\/\"> Leggi di pi\u00f9 <\/a>\n                <h4>Notizie<\/h4>\n    <a href=\"http:\/\/obalnozavetisce.si\/it\/notizie\/\"> Vedi tutte le notizie <\/a>\n\n","protected":false},"excerpt":{"rendered":"<p>I nostri animali domestici aspettano un nuovo tutore.<\/p>\n","protected":false},"author":9,"featured_media":32369,"parent":0,"menu_order":0,"comment_status":"closed","ping_status":"closed","template":"","meta":{"_acf_changed":false,"footnotes":""},"class_list":["post-32859","page","type-page","status-publish","has-post-thumbnail","hentry"],"acf":[],"_links":{"self":[{"href":"https:\/\/obalnozavetisce.si\/it\/wp-json\/wp\/v2\/pages\/32859","targetHints":{"allow":["GET"]}}],"collection":[{"href":"https:\/\/obalnozavetisce.si\/it\/wp-json\/wp\/v2\/pages"}],"about":[{"href":"https:\/\/obalnozavetisce.si\/it\/wp-json\/wp\/v2\/types\/page"}],"author":[{"embeddable":true,"href":"https:\/\/obalnozavetisce.si\/it\/wp-json\/wp\/v2\/users\/9"}],"replies":[{"embeddable":true,"href":"https:\/\/obalnozavetisce.si\/it\/wp-json\/wp\/v2\/comments?post=32859"}],"version-history":[{"count":0,"href":"https:\/\/obalnozavetisce.si\/it\/wp-json\/wp\/v2\/pages\/32859\/revisions"}],"wp:featuredmedia":[{"embeddable":true,"href":"https:\/\/obalnozavetisce.si\/it\/wp-json\/wp\/v2\/media\/32369"}],"wp:attachment":[{"href":"https:\/\/obalnozavetisce.si\/it\/wp-json\/wp\/v2\/media?parent=32859"}],"curies":[{"name":"wp","href":"https:\/\/api.w.org\/{rel}","templated":true}]}}